{"id":624,"date":"2022-08-04T14:09:45","date_gmt":"2022-08-04T14:09:45","guid":{"rendered":"http:\/\/futurepostcare.com\/?page_id=624"},"modified":"2022-08-04T14:10:07","modified_gmt":"2022-08-04T14:10:07","slug":"closing-conference-meeting13-14-07-2022-online","status":"publish","type":"page","link":"http:\/\/futurepostcare.com\/it\/closing-conference-meeting13-14-07-2022-online","title":{"rendered":"Closing Conference meeting:13-14.07.2022 \u2013 ONLINE"},"content":{"rendered":"\n<p>Nome dell\u2019evento: Closing Conference meeting<br>Data: 13-14.07.2022<br>Luogo: online<\/p>\n\n\n\n<p>Il 13 luglio 2022 inizi\u00f2 l&#8217;ultimo meeting del progetto \u201cPOSTCARE. Il Distaccamento dei cittadini di paesi terzi nei servizi di cura: situazione attuale e scenari per il futuro\u201d. Il meeting \u00e8 stato aperto dal beneficiario del progetto, CONFSAL, che ha salutato i partner. Successivamente, lo stesso beneficiario ha introdotto l&#8217;agenda per i due giorni della Conferenza di Chiusura.<\/p>\n\n\n\n<p>L&#8217;esperto coordinatore del progetto ha presentato le conclusioni, l&#8217;analisi comparativa dei Rapporti Nazionali dei paesi terzi avente ad oggetto i servizi di assistenza, ed ha fatto un richiamo alla procedura dei lavoratori distaccati in base al Visto \u201cVan der Elst\u201d, richiamando alcune sentenze che stabiliscono disposizioni in materia. Si \u00e8 inoltre soffermato a commentare: l&#8217;esistenza di un diffuso bisogno di \u201cforza lavoro\u201d di caregiver,&nbsp; gli stipendi percepiti dai caregiver di paesi terzi, le irregolarit\u00e0 nelle assunzioni. Successivamente, ha affrontanto l\u2019analisi dei diversi paesi per quanto riguarda l&#8217;accoglienza o l&#8217;invio di caregiver distaccati. Infine, ha fatto riferimento alla vulnerabilit\u00e0 dei lavoratori rispetto alla mancanza di informazioni sul loro lavoro e alla difficolt\u00e0 di conoscere la lingua, ed ha concluso il suo intervento con delle raccomandazioni.<\/p>\n\n\n\n<p>In seconda battuta, \u00e8 intervenuto il relatore della Polonia, il quale ha fatto una valutazione da una prospettiva globale sui paesi asiatici, in quanto formatori di operatori sanitari qualificati, quindi ha fatto riferimento ai soggetti appaltanti. Ha commentato anche la recente formazione di un sindacato specifico per gli operatori sanitari in Polonia.<\/p>\n\n\n\n<p>Come conseguenza di questi interventi si \u00e8 aperto un dibattito sull&#8217;applicazione dei visti \u201cVan der elst\u201d in Germania e sulla sua copertura.<\/p>\n\n\n\n<p>Per concludere l&#8217;incontro, l&#8217;esperto ha presentato gli scenari futuri nei servizi di cura ed assistenza per TCNs, traendo conclusioni e raccomandazioni.<\/p>\n\n\n\n<p>L&#8217;incontro del 14 luglio 2022 \u00e8 iniziato con un breve intervento del beneficiario del progetto, CONFSAL, che ha fatto un breve riassunto di quanto fatto il giorno prima e spiegato il contenuto dell&#8217;ordine del giorno della giornata, per dare il via al relatore ospite della giornata.<\/p>\n\n\n\n<p>In primo luogo, \u00e8 intervenuto il relatore dell&#8217;Agenzia europea, ELA. Ha spiegato cosa fa l&#8217;organizzazione, i suoi obiettivi, le aree di azione, le attivit\u00e0, le procedure stabilite per svolgere le ispezioni di controllo, nonch\u00e9 le esigenze di formazione necessarie per affrontare il suo lavoro.<\/p>\n\n\n\n<p>E\u2019 seguita una breve discussione.<\/p>\n\n\n\n<p>Successivamente, le organizzazioni partecipanti sono intervenute sui problemi specifici di ciascun paese nella circolazione dei cittadini di paesi terzi verso i servizi di cura ed assistenza.<\/p>\n\n\n\n<p>L&#8217;incontro si \u00e8 concluso con l&#8217;impegno di portare a termine il perfezionamento dei documenti finali per la loro presentazione e si \u00e8 proposto di continuare ad avanzare su questo tema in un nuovo progetto per il futuro, concludendo che la prima cosa da risolvere \u00e8 la legalit\u00e0 dei lavoratori per poi affrontare la qualit\u00e0 dei servizi forniti.<\/p>\n\n\n\n<figure class=\"wp-block-gallery has-nested-images columns-default is-cropped wp-block-gallery-1 is-layout-flex wp-block-gallery-is-layout-flex\">\n<figure class=\"wp-block-image size-large\"><img loading=\"lazy\" decoding=\"async\" width=\"1030\" height=\"579\" data-id=\"625\" src=\"http:\/\/futurepostcare.com\/wp-content\/uploads\/2022\/08\/Screenshot-2022-07-14-112734-2-1030x579.jpg\" alt=\"\" class=\"wp-image-625\" srcset=\"http:\/\/futurepostcare.com\/wp-content\/uploads\/2022\/08\/Screenshot-2022-07-14-112734-2-1030x579.jpg 1030w, http:\/\/futurepostcare.com\/wp-content\/uploads\/2022\/08\/Screenshot-2022-07-14-112734-2-300x169.jpg 300w, http:\/\/futurepostcare.com\/wp-content\/uploads\/2022\/08\/Screenshot-2022-07-14-112734-2-768x432.jpg 768w, http:\/\/futurepostcare.com\/wp-content\/uploads\/2022\/08\/Screenshot-2022-07-14-112734-2-1536x864.jpg 1536w, http:\/\/futurepostcare.com\/wp-content\/uploads\/2022\/08\/Screenshot-2022-07-14-112734-2-2048x1152.jpg 2048w, http:\/\/futurepostcare.com\/wp-content\/uploads\/2022\/08\/Screenshot-2022-07-14-112734-2-1500x844.jpg 1500w, http:\/\/futurepostcare.com\/wp-content\/uploads\/2022\/08\/Screenshot-2022-07-14-112734-2-705x397.jpg 705w\" sizes=\"auto, (max-width: 1030px) 100vw, 1030px\" \/><\/figure>\n\n\n\n<figure class=\"wp-block-image size-large\"><img loading=\"lazy\" decoding=\"async\" width=\"1030\" height=\"579\" data-id=\"627\" src=\"http:\/\/futurepostcare.com\/wp-content\/uploads\/2022\/08\/Screenshot-2022-07-14-135617-1-1030x579.jpg\" alt=\"\" class=\"wp-image-627\" srcset=\"http:\/\/futurepostcare.com\/wp-content\/uploads\/2022\/08\/Screenshot-2022-07-14-135617-1-1030x579.jpg 1030w, http:\/\/futurepostcare.com\/wp-content\/uploads\/2022\/08\/Screenshot-2022-07-14-135617-1-300x169.jpg 300w, http:\/\/futurepostcare.com\/wp-content\/uploads\/2022\/08\/Screenshot-2022-07-14-135617-1-768x432.jpg 768w, http:\/\/futurepostcare.com\/wp-content\/uploads\/2022\/08\/Screenshot-2022-07-14-135617-1-1536x864.jpg 1536w, http:\/\/futurepostcare.com\/wp-content\/uploads\/2022\/08\/Screenshot-2022-07-14-135617-1-2048x1152.jpg 2048w, http:\/\/futurepostcare.com\/wp-content\/uploads\/2022\/08\/Screenshot-2022-07-14-135617-1-1500x844.jpg 1500w, http:\/\/futurepostcare.com\/wp-content\/uploads\/2022\/08\/Screenshot-2022-07-14-135617-1-705x397.jpg 705w\" sizes=\"auto, (max-width: 1030px) 100vw, 1030px\" \/><\/figure>\n<\/figure>\n","protected":false},"excerpt":{"rendered":"<p>Nome dell\u2019evento: Closing Conference meetingData: 13-14.07.2022Luogo: online Il 13 luglio 2022 inizi\u00f2 l&#8217;ultimo meeting del progetto \u201cPOSTCARE. Il Distaccamento dei cittadini di paesi terzi nei servizi di cura: situazione attuale e scenari per il futuro\u201d. Il meeting \u00e8 stato aperto dal beneficiario del progetto, CONFSAL, che ha salutato i partner. Successivamente, lo stesso beneficiario ha [&hellip;]<\/p>\n","protected":false},"author":2,"featured_media":0,"parent":0,"menu_order":0,"comment_status":"closed","ping_status":"closed","template":"","meta":{"footnotes":""},"class_list":["post-624","page","type-page","status-publish","hentry"],"_links":{"self":[{"href":"http:\/\/futurepostcare.com\/it\/wp-json\/wp\/v2\/pages\/624","targetHints":{"allow":["GET"]}}],"collection":[{"href":"http:\/\/futurepostcare.com\/it\/wp-json\/wp\/v2\/pages"}],"about":[{"href":"http:\/\/futurepostcare.com\/it\/wp-json\/wp\/v2\/types\/page"}],"author":[{"embeddable":true,"href":"http:\/\/futurepostcare.com\/it\/wp-json\/wp\/v2\/users\/2"}],"replies":[{"embeddable":true,"href":"http:\/\/futurepostcare.com\/it\/wp-json\/wp\/v2\/comments?post=624"}],"version-history":[{"count":2,"href":"http:\/\/futurepostcare.com\/it\/wp-json\/wp\/v2\/pages\/624\/revisions"}],"predecessor-version":[{"id":631,"href":"http:\/\/futurepostcare.com\/it\/wp-json\/wp\/v2\/pages\/624\/revisions\/631"}],"wp:attachment":[{"href":"http:\/\/futurepostcare.com\/it\/wp-json\/wp\/v2\/media?parent=624"}],"curies":[{"name":"wp","href":"https:\/\/api.w.org\/{rel}","templated":true}]}}